{"id":192,"date":"2020-08-28T16:36:45","date_gmt":"2020-08-28T16:36:45","guid":{"rendered":"http:\/\/sesameproject.eu\/?page_id=192"},"modified":"2026-04-07T19:07:29","modified_gmt":"2026-04-07T19:07:29","slug":"tpm","status":"publish","type":"page","link":"http:\/\/sesameproject.eu\/fr\/tpm\/","title":{"rendered":"SESAME &#8211; PROJECT ACTIVITIES"},"content":{"rendered":"<div class=\"\" style=\"\" >\n    \n    <section class=\"navbar u-clearfix u-white u-section-2\" id=\"sec-986d\">\n      <div class=\"u-clearfix u-sheet u-sheet-1\">\n        <img decoding=\"async\" class=\"u-image u-image-contain u-image-default u-image-1\" src=\"http:\/\/sesameproject.eu\/wp-content\/uploads\/2025\/03\/flogo__COLOR-1-6.png\" alt=\"\" data-image-width=\"18\" data-image-height=\"7\" data-href=\"http:\/\/sesameproject.eu\/home-green-sesame\/\" title=\"S\u00c9SAME VERT MAISON\">\n        <div class=\"u-list u-list-1\">\n          <div class=\"u-repeater u-repeater-1\">\n            <div class=\"u-container-style u-list-item u-repeater-item\">\n              <div class=\"u-container-layout u-similar-container u-container-layout-1\">\n                <a href=\"http:\/\/sesameproject.eu\/fr\/landing-page\/\" class=\"u-border-1 u-border-active-custom-color-7 u-border-hover-palette-4-base u-border-no-left u-border-no-right u-border-no-top u-btn u-button-style u-custom-item u-hover-none u-none u-btn-1\">Home<\/a>\n              <\/div>\n            <\/div>\n            <div class=\"u-container-style u-list-item u-repeater-item\">\n              <div class=\"u-container-layout u-similar-container u-container-layout-2\">\n                <a href=\"http:\/\/sesameproject.eu\/fr\/project-results\/\" class=\"u-border-1 u-border-active-custom-color-7 u-border-hover-palette-4-base u-border-no-left u-border-no-right u-border-no-top u-btn u-button-style u-custom-item u-hover-none u-none u-btn-2\">R\u00e9sultats du projet<br>\n                <\/a>\n              <\/div>\n            <\/div>\n            <div class=\"u-container-style u-list-item u-repeater-item\">\n              <div class=\"u-container-layout u-similar-container u-container-layout-3\">\n                <a href=\"http:\/\/sesameproject.eu\/fr\/partners\/\" class=\"u-border-1 u-border-active-custom-color-7 u-border-hover-palette-4-base u-border-no-left u-border-no-right u-border-no-top u-btn u-button-style u-custom-item u-hover-none u-none u-btn-3\">Les partenaires<\/a>\n              <\/div>\n            <\/div>\n            <div class=\"u-container-style u-list-item u-repeater-item\">\n              <div class=\"u-container-layout u-similar-container u-container-layout-4\">\n                <a href=\"http:\/\/sesameproject.eu\/fr\/tpm\/\" class=\"u-border-1 u-border-active-custom-color-7 u-border-hover-palette-4-base u-border-no-left u-border-no-right u-border-no-top u-btn u-button-style u-custom-item u-hover-none u-none u-btn-4\">Activit\u00e9s<br>\n                <\/a>\n              <\/div>\n            <\/div>\n            <div class=\"u-container-style u-list-item u-repeater-item\">\n              <div class=\"u-container-layout u-similar-container u-container-layout-5\">\n                <a href=\"http:\/\/sesameproject.eu\/fr\/contacts\/\" class=\"u-border-1 u-border-active-custom-color-7 u-border-hover-palette-4-base u-border-no-left u-border-no-right u-border-no-top u-btn u-button-style u-custom-item u-hover-none u-none u-btn-5\">Le contact<\/a>\n              <\/div>\n            <\/div>\n          <\/div>\n        <\/div>\n      <\/div>\n    <\/section>\n    <section class=\"u-align-center u-clearfix u-container-align-center u-image u-shading u-section-3\" src=\"\" data-image-width=\"1350\" data-image-height=\"900\" id=\"sec-5914\" style=\"background-image: linear-gradient(0deg, rgba(41, 170, 222, 0.7), rgba(41, 170, 222, 0.7)), url(&quot;http:\/\/sesameproject.eu\/wp-content\/uploads\/2020\/08\/research.jpeg&quot;);\">\n      <div class=\"u-clearfix u-sheet u-sheet-1\">\n        <h1 class=\"u-text u-title u-text-1\">\n          <span style=\"font-weight: 700;\">Les activit\u00e9s du projet<\/span>\n        <\/h1>\n      <\/div>\n    <\/section>\n    <section class=\"u-align-center u-clearfix u-container-align-center u-section-4\" id=\"sec-2a2a\">\n      <div class=\"u-clearfix u-sheet u-valign-middle-xl u-sheet-1\">\n        <h2 class=\"u-text u-text-1\">TPM1: Cologne, Allemagne<\/h2>\n        <p class=\"u-text u-text-2 translation-block\"><b> Novembre 2019 <\/b>\n           <br> Lors de cette r\u00e9union de lancement, nous avons rejoint tous les partenaires du projet SESAME et retrac\u00e9 SESAME<\/p>\n        <div class=\"u-expanded-width u-gallery u-layout-grid u-lightbox u-show-text-on-hover u-gallery-1\">\n          <div class=\"u-gallery-inner u-gallery-inner-1\">\n            <div class=\"u-effect-fade u-gallery-item\">\n              <div class=\"u-back-slide\" data-image-width=\"1811\" data-image-height=\"1207\">\n                <img decoding=\"async\" class=\"u-back-image u-expanded\" src=\"http:\/\/sesameproject.eu\/wp-content\/uploads\/2020\/08\/Erasmus_Plus_2019_1copy.jpg\">\n              <\/div>\n              <div class=\"u-over-slide u-shading u-over-slide-1\"><\/div>\n            <\/div>\n            <div class=\"u-effect-fade u-gallery-item\">\n              <div class=\"u-back-slide\" data-image-width=\"1920\" data-image-height=\"1280\">\n                <img decoding=\"async\" class=\"u-back-image u-expanded\" src=\"http:\/\/sesameproject.eu\/wp-content\/uploads\/2020\/08\/Erasmus_Plus_2019_2.jpg\">\n              <\/div>\n              <div class=\"u-over-slide u-shading u-over-slide-2\"><\/div>\n            <\/div>\n            <div class=\"u-effect-fade u-gallery-item\">\n              <div class=\"u-back-slide\" data-image-width=\"1920\" data-image-height=\"1280\">\n                <img decoding=\"async\" class=\"u-back-image u-expanded\" src=\"http:\/\/sesameproject.eu\/wp-content\/uploads\/2020\/08\/Erasmus_Plus_2019_3.jpg\">\n              <\/div>\n              <div class=\"u-over-slide u-shading u-over-slide-3\"><\/div>\n            <\/div>\n            <div class=\"u-effect-fade u-gallery-item\">\n              <div class=\"u-back-slide\" data-image-width=\"1920\" data-image-height=\"1280\">\n                <img decoding=\"async\" class=\"u-back-image u-expanded\" src=\"http:\/\/sesameproject.eu\/wp-content\/uploads\/2020\/08\/Erasmus_Plus_2019_4.jpg\">\n              <\/div>\n              <div class=\"u-over-slide u-shading u-over-slide-4\"><\/div>\n            <\/div>\n            <div class=\"u-effect-fade u-gallery-item u-gallery-item-5\" data-image-width=\"2000\" data-image-height=\"1333\">\n              <div class=\"u-back-slide\" data-image-width=\"1920\" data-image-height=\"1280\">\n                <img decoding=\"async\" class=\"u-back-image u-expanded\" src=\"http:\/\/sesameproject.eu\/wp-content\/uploads\/2020\/08\/Erasmus_Plus_2019_5.jpg\">\n              <\/div>\n              <div class=\"u-over-slide u-shading u-over-slide-5\"><\/div>\n            <\/div>\n            <div class=\"u-effect-fade u-gallery-item u-gallery-item-6\" data-image-width=\"2000\" data-image-height=\"1333\">\n              <div class=\"u-back-slide\" data-image-width=\"1920\" data-image-height=\"1280\">\n                <img decoding=\"async\" class=\"u-back-image u-expanded\" src=\"http:\/\/sesameproject.eu\/wp-content\/uploads\/2020\/08\/Erasmus_Plus_2019_6.jpg\">\n              <\/div>\n              <div class=\"u-over-slide u-shading u-over-slide-6\"><\/div>\n            <\/div>\n            <div class=\"u-effect-fade u-gallery-item u-gallery-item-7\" data-image-width=\"2000\" data-image-height=\"1333\">\n              <div class=\"u-back-slide\" data-image-width=\"1920\" data-image-height=\"1280\">\n                <img decoding=\"async\" class=\"u-back-image u-expanded\" src=\"http:\/\/sesameproject.eu\/wp-content\/uploads\/2020\/08\/Erasmus_Plus_2019_7.jpg\">\n              <\/div>\n              <div class=\"u-over-slide u-shading u-over-slide-7\"><\/div>\n            <\/div>\n            <div class=\"u-effect-fade u-gallery-item u-gallery-item-8\" data-image-width=\"2000\" data-image-height=\"1333\">\n              <div class=\"u-back-slide\" data-image-width=\"1920\" data-image-height=\"1280\">\n                <img decoding=\"async\" class=\"u-back-image u-expanded\" src=\"http:\/\/sesameproject.eu\/wp-content\/uploads\/2020\/08\/Erasmus_Plus_2019_8.jpg\">\n              <\/div>\n              <div class=\"u-over-slide u-shading u-over-slide-8\"><\/div>\n            <\/div>\n            <div class=\"u-effect-fade u-gallery-item u-gallery-item-9\" data-image-width=\"2000\" data-image-height=\"1333\">\n              <div class=\"u-back-slide\" data-image-width=\"1920\" data-image-height=\"1280\">\n                <img decoding=\"async\" class=\"u-back-image u-expanded\" src=\"http:\/\/sesameproject.eu\/wp-content\/uploads\/2020\/08\/Erasmus_Plus_2019_10.jpg\">\n              <\/div>\n              <div class=\"u-over-slide u-shading u-over-slide-9\"><\/div>\n            <\/div>\n            <div class=\"u-effect-fade u-gallery-item u-gallery-item-10\" data-image-width=\"2000\" data-image-height=\"1333\">\n              <div class=\"u-back-slide\" data-image-width=\"1920\" data-image-height=\"1280\">\n                <img decoding=\"async\" class=\"u-back-image u-expanded\" src=\"http:\/\/sesameproject.eu\/wp-content\/uploads\/2020\/08\/Erasmus_Plus_2019_12.jpg\">\n              <\/div>\n              <div class=\"u-over-slide u-shading u-over-slide-10\"><\/div>\n            <\/div>\n            <div class=\"u-effect-fade u-gallery-item\" data-image-width=\"1430\" data-image-height=\"954\">\n              <div class=\"u-back-slide\">\n                <img decoding=\"async\" class=\"u-back-image u-expanded\" src=\"http:\/\/sesameproject.eu\/wp-content\/uploads\/2020\/08\/Erasmus_Plus_2019_14copy.jpg\">\n              <\/div>\n              <div class=\"u-over-slide u-shading u-over-slide-11\"><\/div>\n            <\/div>\n            <div class=\"u-effect-fade u-gallery-item\" data-image-width=\"1920\" data-image-height=\"1280\">\n              <div class=\"u-back-slide\">\n                <img decoding=\"async\" class=\"u-back-image u-expanded\" src=\"http:\/\/sesameproject.eu\/wp-content\/uploads\/2020\/08\/Erasmus_Plus_2019_13.jpg\">\n              <\/div>\n              <div class=\"u-over-slide u-shading u-over-slide-12\"><\/div>\n            <\/div>\n            <div class=\"u-effect-fade u-gallery-item\" data-image-width=\"1920\" data-image-height=\"1280\">\n              <div class=\"u-back-slide\">\n                <img decoding=\"async\" class=\"u-back-image u-expanded\" src=\"http:\/\/sesameproject.eu\/wp-content\/uploads\/2020\/08\/Erasmus_Plus_2019_11.jpg\">\n              <\/div>\n              <div class=\"u-over-slide u-shading u-over-slide-13\"><\/div>\n            <\/div>\n            <div class=\"u-effect-fade u-gallery-item\" data-image-width=\"1920\" data-image-height=\"1280\">\n              <div class=\"u-back-slide\">\n                <img decoding=\"async\" class=\"u-back-image u-expanded\" src=\"http:\/\/sesameproject.eu\/wp-content\/uploads\/2020\/08\/Erasmus_Plus_2019_15.jpg\">\n              <\/div>\n              <div class=\"u-over-slide u-shading u-over-slide-14\"><\/div>\n            <\/div>\n            <div class=\"u-effect-fade u-gallery-item\" data-image-width=\"1920\" data-image-height=\"1280\">\n              <div class=\"u-back-slide\">\n                <img decoding=\"async\" class=\"u-back-image u-expanded\" src=\"http:\/\/sesameproject.eu\/wp-content\/uploads\/2020\/08\/Erasmus_Plus_2019_16.jpg\">\n              <\/div>\n              <div class=\"u-over-slide u-shading u-over-slide-15\"><\/div>\n            <\/div>\n            <div class=\"u-effect-fade u-gallery-item\" data-image-width=\"1920\" data-image-height=\"1280\">\n              <div class=\"u-back-slide\">\n                <img decoding=\"async\" class=\"u-back-image u-expanded\" src=\"http:\/\/sesameproject.eu\/wp-content\/uploads\/2020\/08\/Erasmus_Plus_2019_17-1.jpg\">\n              <\/div>\n              <div class=\"u-over-slide u-shading u-over-slide-16\"><\/div>\n            <\/div>\n          <\/div>\n        <\/div>\n      <\/div>\n    <\/section>\n    <section class=\"u-align-center u-clearfix u-container-align-center u-section-5\" id=\"carousel_9662\">\n      <div class=\"u-clearfix u-sheet u-valign-middle-lg u-valign-middle-sm u-valign-middle-xl u-sheet-1\">\n        <h2 class=\"u-text u-text-1\">TPM2: online<\/h2>\n        <p class=\"u-text u-text-2 translation-block\"><b> Juin 2020 <\/b>\n           <br> C'\u00e9tait la deuxi\u00e8me r\u00e9union du projet SESAME. Bien que COVID-19 nous ait emp\u00each\u00e9 de nous rencontrer en personne \u00e0 Caen, en France, nous parvenons tout de m\u00eame \u00e0 nous rencontrer via une visioconf\u00e9rence. L'innovation ne mesure pas les distances.<\/p>\n        <div class=\"u-expanded-width u-gallery u-layout-grid u-lightbox u-show-text-on-hover u-gallery-1\">\n          <div class=\"u-gallery-inner u-gallery-inner-1\">\n            <div class=\"u-effect-fade u-gallery-item\">\n              <div class=\"u-back-slide\" data-image-width=\"2560\" data-image-height=\"1920\">\n                <img decoding=\"async\" class=\"u-back-image u-expanded\" src=\"http:\/\/sesameproject.eu\/wp-content\/uploads\/2020\/08\/IMG_20200618_092455-01-scaled.jpeg\">\n              <\/div>\n              <div class=\"u-over-slide u-shading u-over-slide-1\"><\/div>\n            <\/div>\n            <div class=\"u-effect-fade u-gallery-item\">\n              <div class=\"u-back-slide\" data-image-width=\"2560\" data-image-height=\"1707\">\n                <img decoding=\"async\" class=\"u-back-image u-expanded\" src=\"http:\/\/sesameproject.eu\/wp-content\/uploads\/2020\/08\/1L5A7360-21-scaled.jpg\">\n              <\/div>\n              <div class=\"u-over-slide u-shading u-over-slide-2\"><\/div>\n            <\/div>\n            <div class=\"u-effect-fade u-gallery-item\">\n              <div class=\"u-back-slide\" data-image-width=\"2280\" data-image-height=\"2551\">\n                <img decoding=\"async\" class=\"u-back-image u-expanded\" src=\"http:\/\/sesameproject.eu\/wp-content\/uploads\/2020\/08\/IMG_20200619_091420-01-1.jpg\">\n              <\/div>\n              <div class=\"u-over-slide u-shading u-over-slide-3\"><\/div>\n            <\/div>\n            <div class=\"u-effect-fade u-gallery-item\">\n              <div class=\"u-back-slide\" data-image-width=\"2560\" data-image-height=\"1707\">\n                <img decoding=\"async\" class=\"u-back-image u-expanded\" src=\"http:\/\/sesameproject.eu\/wp-content\/uploads\/2020\/08\/1L5A7371-scaled.jpg\">\n              <\/div>\n              <div class=\"u-over-slide u-shading u-over-slide-4\"><\/div>\n            <\/div>\n            <div class=\"u-effect-fade u-gallery-item u-gallery-item-5\" data-image-width=\"2000\" data-image-height=\"1333\">\n              <div class=\"u-back-slide\" data-image-width=\"2560\" data-image-height=\"1707\">\n                <img decoding=\"async\" class=\"u-back-image u-expanded\" src=\"http:\/\/sesameproject.eu\/wp-content\/uploads\/2020\/08\/1L5A7367-3-scaled.jpg\">\n              <\/div>\n              <div class=\"u-over-slide u-shading u-over-slide-5\"><\/div>\n            <\/div>\n            <div class=\"u-effect-fade u-gallery-item u-gallery-item-6\" data-image-width=\"2000\" data-image-height=\"1333\">\n              <div class=\"u-back-slide\" data-image-width=\"2560\" data-image-height=\"1707\">\n                <img decoding=\"async\" class=\"u-back-image u-expanded\" src=\"http:\/\/sesameproject.eu\/wp-content\/uploads\/2020\/08\/1L5A73691-scaled.jpg\">\n              <\/div>\n              <div class=\"u-over-slide u-shading u-over-slide-6\"><\/div>\n            <\/div>\n          <\/div>\n        <\/div>\n      <\/div>\n    <\/section>\n    <section class=\"u-align-center u-clearfix u-container-align-center u-section-6\" id=\"carousel_c4b2\">\n      <div class=\"u-clearfix u-sheet u-sheet-1\">\n        <h2 class=\"u-text u-text-1\">TPM3: online<\/h2>\n        <p class=\"u-text u-text-2 translation-block\"><b> Octobre 2020 <\/b>\n           <br> Cette r\u00e9union de projet transnational devrait avoir lieu \u00e0 Padoue, mais \u00e0 la place, notre \u00e9quipe europ\u00e9enne a d\u00fb se r\u00e9unir une fois de plus par conf\u00e9rence Web en raison du risque de pand\u00e9mie persistant dans le monde entier. Au cours de cette r\u00e9union, nous avons r\u00e9ussi \u00e0 partager et \u00e0 revoir l'avancement du projet et d\u00e9fini nos objectifs et d\u00e9lais suivants.<\/p>\n        <div class=\"u-expanded-width u-gallery u-layout-grid u-lightbox u-show-text-on-hover u-gallery-1\">\n          <div class=\"u-gallery-inner u-gallery-inner-1\">\n            <div class=\"u-effect-fade u-gallery-item\">\n              <div class=\"u-back-slide\" data-image-width=\"2048\" data-image-height=\"1365\">\n                <img decoding=\"async\" class=\"u-back-image u-expanded\" src=\"http:\/\/sesameproject.eu\/wp-content\/uploads\/2020\/11\/122481462_3412003935515310_587563952788204906_o.jpg\">\n              <\/div>\n              <div class=\"u-over-slide u-shading u-over-slide-1\"><\/div>\n            <\/div>\n            <div class=\"u-effect-fade u-gallery-item\">\n              <div class=\"u-back-slide\" data-image-width=\"2048\" data-image-height=\"1365\">\n                <img decoding=\"async\" class=\"u-back-image u-expanded\" src=\"http:\/\/sesameproject.eu\/wp-content\/uploads\/2020\/11\/122281648_3412003708848666_4341777282986202277_o.jpg\">\n              <\/div>\n              <div class=\"u-over-slide u-shading u-over-slide-2\"><\/div>\n            <\/div>\n            <div class=\"u-effect-fade u-gallery-item u-gallery-item-3\" data-image-width=\"2000\" data-image-height=\"1333\">\n              <div class=\"u-back-slide\" data-image-width=\"840\" data-image-height=\"496\">\n                <img decoding=\"async\" class=\"u-back-image u-expanded\" src=\"http:\/\/sesameproject.eu\/wp-content\/uploads\/2020\/11\/Capturadeecra2020-11-10as16.08.00.png\">\n              <\/div>\n              <div class=\"u-over-slide u-shading u-over-slide-3\"><\/div>\n            <\/div>\n            <div class=\"u-effect-fade u-gallery-item\">\n              <div class=\"u-back-slide\">\n                <img decoding=\"async\" class=\"u-back-image u-expanded\" src=\"http:\/\/sesameproject.eu\/wp-content\/uploads\/2020\/11\/IMG_20201023_100537_841.jpg\">\n              <\/div>\n              <div class=\"u-over-slide u-shading u-over-slide-4\"><\/div>\n            <\/div>\n          <\/div>\n        <\/div>\n      <\/div>\n    <\/section>\n    <section class=\"u-align-center u-clearfix u-container-align-center u-section-7\" id=\"carousel_d55d\">\n      <div class=\"u-clearfix u-sheet u-valign-middle-lg u-valign-middle-xl u-sheet-1\">\n        <h2 class=\"u-text u-text-1\"> TPM5: ONLINE<\/h2>\n        <p class=\"u-text u-text-2\"><b>October 2021<\/b>\n          <br> Virtual TPM5 was lead by Wuppertal University, project coordinator and it was to talk about interim evaluation of the pilot with regard to the acquisition of schools, current status in the countries and current status of the app. All partners are working for release the SESAME APP soon.\n        <\/p>\n        <div class=\"u-expanded-width u-gallery u-layout-grid u-lightbox u-show-text-on-hover u-gallery-1\">\n          <div class=\"u-gallery-inner u-gallery-inner-1\">\n            <div class=\"u-effect-fade u-gallery-item\">\n              <div class=\"u-back-slide\" data-image-width=\"2048\" data-image-height=\"1365\">\n                <img decoding=\"async\" class=\"u-back-image u-expanded\" src=\"http:\/\/sesameproject.eu\/wp-content\/uploads\/2020\/11\/122444521_3412003882181982_5985760140675880031_o.jpg\">\n              <\/div>\n              <div class=\"u-over-slide u-shading u-over-slide-1\"><\/div>\n            <\/div>\n            <div class=\"u-effect-fade u-gallery-item\">\n              <div class=\"u-back-slide\" data-image-width=\"2048\" data-image-height=\"1365\">\n                <img decoding=\"async\" class=\"u-back-image u-expanded\" src=\"http:\/\/sesameproject.eu\/wp-content\/uploads\/2020\/11\/122058613_3412003728848664_6492792355580687379_o.jpg\">\n              <\/div>\n              <div class=\"u-over-slide u-shading u-over-slide-2\"><\/div>\n            <\/div>\n          <\/div>\n        <\/div>\n      <\/div>\n    <\/section>\n    <section class=\"u-align-center u-clearfix u-container-align-center u-section-8\" id=\"carousel_94d0\">\n      <div class=\"u-clearfix u-sheet u-valign-middle-lg u-valign-middle-xl u-sheet-1\">\n        <h2 class=\"u-text u-text-1\"><b>LTTA: ONLINE<\/b>\n        <\/h2>\n        <p class=\"u-text u-text-2\"><b>Avril 2021<\/b>\n          <br><b>\n            <span style=\"font-weight: 400;\">As we could not postpone any longer or LTTA (Learning, Teaching, Training Activity) we had to reshape it into an online format via web conference. During 4 days we would join zoom call and train the SESAME trainers, who will, later on, be leading the SESAME implementation in each of their schools. Unfortunately, we could not do this LTTA in person as it would certainly be more engaging, even so, we are quite pleased with the outcomes of this training activity and the high interest of our trainers.<\/span><\/b>\n        <\/p>\n        <div class=\"u-expanded-width u-gallery u-layout-grid u-lightbox u-show-text-on-hover u-gallery-1\">\n          <div class=\"u-gallery-inner u-gallery-inner-1\">\n            <div class=\"u-effect-fade u-gallery-item\">\n              <div class=\"u-back-slide\" data-image-width=\"1523\" data-image-height=\"1005\">\n                <img decoding=\"async\" class=\"u-back-image u-expanded\" src=\"http:\/\/sesameproject.eu\/wp-content\/uploads\/2021\/04\/1.png\">\n              <\/div>\n              <div class=\"u-over-slide u-shading u-over-slide-1\"><\/div>\n            <\/div>\n            <div class=\"u-effect-fade u-gallery-item\">\n              <div class=\"u-back-slide\" data-image-width=\"1523\" data-image-height=\"1005\">\n                <img decoding=\"async\" class=\"u-back-image u-expanded\" src=\"http:\/\/sesameproject.eu\/wp-content\/uploads\/2021\/04\/5.png\">\n              <\/div>\n              <div class=\"u-over-slide u-shading u-over-slide-2\"><\/div>\n            <\/div>\n          <\/div>\n        <\/div>\n      <\/div>\n    <\/section>\n    <section class=\"u-align-center u-clearfix u-container-align-center u-section-9\" id=\"carousel_4b76\">\n      <div class=\"u-clearfix u-sheet u-valign-middle-xs u-sheet-1\">\n        <h2 class=\"u-text u-text-1\"> APP TRAINING: ONLINE<\/h2>\n        <p class=\"u-text u-text-2\"><b>October 2021<\/b>\n          <br> Sesame Project partners and teachers had training about the Sesame App which is almost finished. Daniel Silva, trainer at ETIC_Algarve and the programmer who developed the App, showed partner schools in Italy, France and Germany, among others, how to use the application, all of its features, the different types of users and how to create users, teachers and schools.\nThis App, which will be able to identify young people with behaviors of anxiety, stress and depression and prevent those behaviours, it\u00b4s now in an implementation and testing phase at partner schools.\n        <\/p>\n        <div class=\"u-expanded-width u-gallery u-layout-grid u-lightbox u-show-text-on-hover u-gallery-1\">\n          <div class=\"u-gallery-inner u-gallery-inner-1\">\n            <div class=\"u-effect-fade u-gallery-item u-gallery-item-1\" data-image-width=\"2000\" data-image-height=\"1333\">\n              <div class=\"u-back-slide\" data-image-width=\"1200\" data-image-height=\"630\">\n                <img decoding=\"async\" class=\"u-back-image u-expanded\" src=\"http:\/\/sesameproject.eu\/wp-content\/uploads\/2021\/12\/V2.jpg\">\n              <\/div>\n              <div class=\"u-over-slide u-shading u-over-slide-1\"><\/div>\n            <\/div>\n          <\/div>\n        <\/div>\n      <\/div>\n    <\/section>\n    <section class=\"u-align-center u-clearfix u-container-align-center u-section-10\" id=\"carousel_1af1\">\n      <div class=\"u-clearfix u-sheet u-sheet-1\">\n        <h2 class=\"u-text u-text-1\"> TPM6: CAEN, FRANCE<\/h2>\n        <p class=\"u-text u-text-2\"><b>July 2022<\/b>\n          <br>The TPM6 was held in L'\u00c9cole de la Deuxi\u00e8me Chance in Caen, France. We have developed and presented the app prototype that can be shown as a trial version. Thanks to this solution, those who are interested in implementing SESAME can see how the app works like even before contacting us.&nbsp;<br>\n          <br>As this was our last meeting, we have also reviewed and summed up our work and analyzed the statistics on how the SESAME works like implemented.&nbsp;<br>\n          <br>We had a great closure of months of hard work with huge hopes for the future development of our project!\n        <\/p>\n        <img decoding=\"async\" class=\"u-image u-image-1\" src=\"http:\/\/sesameproject.eu\/wp-content\/uploads\/2022\/09\/Capturadeecra2022-09-20as16.44.06.png\" data-image-width=\"1494\" data-image-height=\"1186\">\n      <\/div>\n    <\/section>\n    \n    \n    \n    \n  \n<\/div>","protected":false},"excerpt":{"rendered":"<p>Home Project Results Partners Activities Contacts PROJECT ACTIVITIES TPM1: Cologne, Germany November 2019 During this kick-off meeting we joined all of the SESAME project partners and traced SESAME&nbsp; TPM2: online June 2020 This was the second meeting of the project SESAME. Although COVID-19 made it impossible for us to meet in person at Caen, France, [&hellip;]<\/p>\n","protected":false},"author":1,"featured_media":0,"parent":0,"menu_order":0,"comment_status":"closed","ping_status":"closed","template":"","meta":{"footnotes":""},"class_list":["post-192","page","type-page","status-publish","hentry"],"_links":{"self":[{"href":"http:\/\/sesameproject.eu\/fr\/wp-json\/wp\/v2\/pages\/192","targetHints":{"allow":["GET"]}}],"collection":[{"href":"http:\/\/sesameproject.eu\/fr\/wp-json\/wp\/v2\/pages"}],"about":[{"href":"http:\/\/sesameproject.eu\/fr\/wp-json\/wp\/v2\/types\/page"}],"author":[{"embeddable":true,"href":"http:\/\/sesameproject.eu\/fr\/wp-json\/wp\/v2\/users\/1"}],"replies":[{"embeddable":true,"href":"http:\/\/sesameproject.eu\/fr\/wp-json\/wp\/v2\/comments?post=192"}],"version-history":[{"count":21,"href":"http:\/\/sesameproject.eu\/fr\/wp-json\/wp\/v2\/pages\/192\/revisions"}],"predecessor-version":[{"id":1203,"href":"http:\/\/sesameproject.eu\/fr\/wp-json\/wp\/v2\/pages\/192\/revisions\/1203"}],"wp:attachment":[{"href":"http:\/\/sesameproject.eu\/fr\/wp-json\/wp\/v2\/media?parent=192"}],"curies":[{"name":"wp","href":"https:\/\/api.w.org\/{rel}","templated":true}]}}