{"id":215,"date":"2020-11-24T18:10:18","date_gmt":"2020-11-24T18:10:18","guid":{"rendered":"http:\/\/sesameproject.eu\/?page_id=215"},"modified":"2026-04-07T19:05:12","modified_gmt":"2026-04-07T19:05:12","slug":"project-results","status":"publish","type":"page","link":"http:\/\/sesameproject.eu\/it\/project-results\/","title":{"rendered":"SESAME &#8211; PROJECT RESULTS"},"content":{"rendered":"<div class=\"\" style=\"\" >\n    \n    <section class=\"navbar u-clearfix u-white u-section-2\" id=\"sec-8c2b\">\n      <div class=\"u-clearfix u-sheet u-sheet-1\">\n        <img decoding=\"async\" class=\"u-image u-image-contain u-image-default u-image-1\" src=\"http:\/\/sesameproject.eu\/wp-content\/uploads\/2025\/03\/flogo__COLOR-1-4.png\" alt=\"\" data-image-width=\"18\" data-image-height=\"7\" data-href=\"http:\/\/sesameproject.eu\/home-green-sesame\/\" title=\"SESAMO VERDE DOMESTICO\">\n        <div class=\"u-list u-list-1\">\n          <div class=\"u-repeater u-repeater-1\">\n            <div class=\"u-container-style u-list-item u-repeater-item\">\n              <div class=\"u-container-layout u-similar-container u-container-layout-1\">\n                <a href=\"http:\/\/sesameproject.eu\/it\/landing-page\/\" class=\"u-border-1 u-border-active-custom-color-7 u-border-hover-palette-4-base u-border-no-left u-border-no-right u-border-no-top u-btn u-button-style u-custom-item u-hover-none u-none u-btn-1\">Home<\/a>\n              <\/div>\n            <\/div>\n            <div class=\"u-container-style u-list-item u-repeater-item\">\n              <div class=\"u-container-layout u-similar-container u-container-layout-2\">\n                <a href=\"http:\/\/sesameproject.eu\/it\/project-results\/\" class=\"u-border-1 u-border-active-custom-color-7 u-border-hover-palette-4-base u-border-no-left u-border-no-right u-border-no-top u-btn u-button-style u-custom-item u-hover-none u-none u-btn-2\">Risultati del progetto<br>\n                <\/a>\n              <\/div>\n            <\/div>\n            <div class=\"u-container-style u-list-item u-repeater-item\">\n              <div class=\"u-container-layout u-similar-container u-container-layout-3\">\n                <a href=\"http:\/\/sesameproject.eu\/it\/partners\/\" class=\"u-border-1 u-border-active-custom-color-7 u-border-hover-palette-4-base u-border-no-left u-border-no-right u-border-no-top u-btn u-button-style u-custom-item u-hover-none u-none u-btn-3\">Partner<\/a>\n              <\/div>\n            <\/div>\n            <div class=\"u-container-style u-list-item u-repeater-item\">\n              <div class=\"u-container-layout u-similar-container u-container-layout-4\">\n                <a href=\"http:\/\/sesameproject.eu\/it\/tpm\/\" class=\"u-border-1 u-border-active-custom-color-7 u-border-hover-palette-4-base u-border-no-left u-border-no-right u-border-no-top u-btn u-button-style u-custom-item u-hover-none u-none u-btn-4\">Attivit\u00e0<br>\n                <\/a>\n              <\/div>\n            <\/div>\n            <div class=\"u-container-style u-list-item u-repeater-item\">\n              <div class=\"u-container-layout u-similar-container u-container-layout-5\">\n                <a href=\"http:\/\/sesameproject.eu\/it\/contacts\/\" class=\"u-border-1 u-border-active-custom-color-7 u-border-hover-palette-4-base u-border-no-left u-border-no-right u-border-no-top u-btn u-button-style u-custom-item u-hover-none u-none u-btn-5\">Contatti<\/a>\n              <\/div>\n            <\/div>\n          <\/div>\n        <\/div>\n      <\/div>\n    <\/section>\n    <section class=\"u-align-center u-clearfix u-container-align-center u-image u-shading u-section-3\" src=\"\" data-image-width=\"2560\" data-image-height=\"1707\" id=\"sec-34a1\" style=\"background-image: linear-gradient(0deg, rgba(41, 170, 222, 0.65), rgba(41, 170, 222, 0.65)), url(&quot;http:\/\/sesameproject.eu\/wp-content\/uploads\/2020\/11\/krakenimages-376KN_ISplE-unsplash-scaled.jpg&quot;);\">\n      <div class=\"u-clearfix u-sheet u-sheet-1\">\n        <h1 class=\"u-text u-title u-text-1\">RISULTATI DEL PROGETTO<\/h1>\n        <a href=\"#sec-79f4\" class=\"u-align-center u-btn u-button-style u-hover-palette-1-light-1 u-palette-1-base u-radius-50 u-text-body-alt-color u-text-hover-white u-btn-1\">\n          <span style=\"font-size: 0.875rem;\">SCROLL TO APP&nbsp;<br>PROTOTYPE&nbsp;\n          <\/span>\n          <span class=\"u-icon u-text-white u-icon-1\"><svg class=\"u-svg-content\" viewbox=\"0 0 490.677 490.677\" x=\"0px\" y=\"0px\" style=\"width: 1em; height: 1em;\"><path d=\"M489.272,37.339c-1.92-3.307-5.44-5.333-9.259-5.333H10.68c-3.819,0-7.339,2.027-9.259,5.333    c-1.899,3.307-1.899,7.36,0.021,10.667l234.667,405.333c1.899,3.307,5.419,5.333,9.237,5.333s7.339-2.027,9.237-5.333 L489.251,48.005C491.149,44.72,491.149,40.645,489.272,37.339z\"><\/path><\/svg><\/span>\n          <span style=\"font-size: 0.875rem;\"><\/span>\n        <\/a>\n      <\/div>\n    <\/section>\n    <section class=\"u-clearfix u-grey-5 u-section-4\" id=\"sec-0478\">\n      <div class=\"u-clearfix u-sheet u-sheet-1\">\n        <h3 class=\"u-align-center u-text u-text-1\">IO1: MODELLO SESAME<\/h3>\n        <p class=\"u-align-left u-text u-text-2\">SESAME (Schoolwide Positive Behavior Support for Mental Health) \u00e8 un sistema di sostegno che si sviluppa su tre livelli ed \u00e8 stato ideato per creare un ambiente di apprendimento sicuro per l\u2019intero sistema scolastico, con lo scopo di prevenire l\u2019insorgenza di problemi psicosociali internalizzanti negli studenti. SESAME si distingue in particolar modo per il fatto che i metodi utilizzati per la valutazione e l\u2019intervento nei tre livelli sono basati su dati comprovati e sono tra loro correlati. L\u2019intensit\u00e0 della valutazione e dell\u2019intervento dipendono dalle necessit\u00e0 dello studente.<br>\n        <\/p>\n        <div class=\"u-container-style u-file-link u-group u-palette-1-base u-radius-50 u-shape-round u-group-1\" data-href=\"http:\/\/sesameproject.eu\/wp-content\/uploads\/2021\/12\/SESAMEmodelconceptualization_en.pdf\" title=\"sesamemodelconceptualization_en-pdf\">\n          <div class=\"u-container-layout u-valign-middle u-container-layout-1\">\n            <p class=\"u-align-center u-text u-text-body-alt-color u-text-3\">\n              <a class=\"u-active-none u-border-none u-btn u-button-link u-button-style u-file-link u-hover-none u-none u-text-hover-palette-1-light-1 u-btn-1\" href=\"http:\/\/sesameproject.eu\/wp-content\/uploads\/2021\/12\/SESAME-model-conceptualization-and-annexes_it.pdf\"> VEDI MODELLO COMPLETO<\/a>\n            <\/p>\n          <\/div>\n        <\/div>\n      <\/div>\n    <\/section>\n    <section class=\"u-clearfix u-section-5\" id=\"sec-397c\">\n      <div class=\"u-clearfix u-sheet u-valign-middle-xs u-sheet-1\">\n        <div class=\"u-clearfix u-expanded-width u-gutter-0 u-layout-wrap u-layout-wrap-1\">\n          <div class=\"u-layout\" style=\"\">\n            <div class=\"u-layout-row\" style=\"\">\n              <div class=\"u-align-left u-container-align-left u-container-style u-image u-layout-cell u-left-cell u-size-30 u-size-xs-60 u-image-1\" src=\"\" data-image-width=\"1013\" data-image-height=\"1240\" style=\"background-image: url(&quot;http:\/\/sesameproject.eu\/wp-content\/uploads\/2021\/02\/model-2.png&quot;);\">\n                <div class=\"u-container-layout u-container-layout-1\"><\/div>\n              <\/div>\n              <div class=\"u-container-style u-layout-cell u-right-cell u-shape-rectangle u-size-30 u-size-xs-60 u-layout-cell-2\" src=\"\">\n                <div class=\"u-container-layout u-container-layout-2\" src=\"\">\n                  <p class=\"u-text u-text-1 translation-block\">SESAME prevede <b>tre livelli di sostegno.<\/b> Ogni livello sviluppa specifici metodi di valutazione e intervento (vedi figura). I metodi di SESAME sono basati su specifici criteri di selezione e vengono sviluppati sulla base di principi guida generali:\n<br><br>\nTutte le pratiche sono basate sull'evidenza, cio\u00e8 si adattano alle esigenze degli studenti, seguono la professionalit\u00e0 degli utenti che lo applicano e la loro efficacia \u00e8 stata scientificamente dimostrata.\nGli interventi su ogni livello riguardano uno specifico gruppo target. Al primo livello universale, gli interventi sono rivolti a tutti gli studenti. Al secondo livello (selettivo) e terzo (indicato), la valutazione e gli interventi sono sviluppati con maggiore intensit\u00e0 e sono ancora pi\u00f9 strettamente adattati alle esigenze dei singoli studenti.\n<br><br>\nI dati vengono raccolti regolarmente al fine di verificare, monitorare e valutare i progressi degli studenti.\n<br><br>\nLe risorse umane e materiali sono allocate per garantire che SESAME sia implementato in modo completo e professionale.<\/p>\n                <\/div>\n              <\/div>\n            <\/div>\n          <\/div>\n        <\/div>\n      <\/div>\n    <\/section>\n    <section class=\"u-align-center u-clearfix u-container-align-center u-grey-5 u-section-6\" id=\"sec-71cd\">\n      <div class=\"u-clearfix u-sheet u-sheet-1\">\n        <h1 class=\"u-text u-text-1\">Come verr\u00e0 sviluppato SESAME?<\/h1>\n        <p class=\"u-align-left u-custom-font u-heading-font u-text u-text-2\">Lo sviluppo di SESAME \u00e8 gestito da tutor SESAME qualificati. I tutor ricevono una formazione qualificante di una settimana per essere in grado di accompagnare e supportare le scuole nel processo di realizzazione del modello SESAME.<br>\n          <br>Il gruppo dirigente SESAME \u00e8 responsabile dell'implementazione del modello nella scuola. Questo gruppo \u00e8 composto da singoli rappresentanti della scuola intesa nel suo complesso quindi dirigenti scolastici, insegnanti, studenti e genitori. In questo modo tutti i partecipanti possono dar voce alle proprie idee per sviluppare un ambiente di apprendimento sicuro. Il gruppo dirigente ha la responsabilit\u00e0 principale per l'implementazione di SESAME. Coordina inoltre la raccolta di dati di valutazione al fine di avere sempre una visione d'insieme del processo di realizzazione del modello nella scuola e di adattarlo, se necessario.\n        <\/p>\n      <\/div>\n    <\/section>\n    <section class=\"u-clearfix u-grey-5 u-section-7\" id=\"carousel_8c0e\">\n      <div class=\"u-clearfix u-sheet u-sheet-1\">\n        <h3 class=\"u-align-center u-text u-text-1\"><b>IO2: Percorso di formazione per insegnanti e educatori<\/b>\n        <\/h3>\n        <p class=\"u-align-left u-text u-text-2\"> Il percorso di formazione per gli insegnanti e gli educatori si articola in una variet\u00e0 di pratiche di valutazione e di intervento e include contesti di problem-solving multiprofessionali.<u><\/u><u><\/u><u><\/u>\n          <br><u><\/u>\n          <br>Il&nbsp;<b>curriculum SESAME&nbsp;<\/b>fornisce agli insegnanti e educatori il quadro delle competenze di base che devono essere acquisite, i materiali per la formazione e indicazioni per l'implementazione delle attivit\u00e0 di coaching e dei moduli.<u><\/u><u><\/u><u><\/u>\n          <br><u><\/u>\n          <br>I contenuti e le pratiche specifiche sono le seguenti:<br>\n          <br>\n        <\/p>\n        <ul class=\"u-align-left u-text u-text-3\">\n          <li> Disturbi internalizzanti<u><\/u><u><\/u>\n          <\/li>\n          <li>Integrazione sociale<u><\/u><u><\/u>\n          <\/li>\n          <li>Prevenzione dei disturbi comportamentali attraverso MTSS<u><\/u><u><\/u>\n          <\/li>\n          <li>Lavoro di gruppo multiprofessionale<u><\/u><u><\/u>\n          <\/li>\n          <li>SESAME Livello I: Sviluppo di una matrice di aspettative comportamentali<u><\/u><u><\/u>\n          <\/li>\n          <li>SESAME Livello I: Insegnare le aspettative comportamentali attraverso una gestione efficace della classe<u><\/u><u><\/u>\n          <\/li>\n          <li>SESAME Livello I: Screening universale del comportamento<u><\/u><u><\/u>\n          <\/li>\n          <li>SESAME Livello II: Intervento mirato sul comportamento<u><\/u><u><\/u>\n          <\/li>\n          <li>SESAME Livello II: Monitoraggio dei progressi comportamentali<u><\/u><u><\/u>\n          <\/li>\n          <li>SESAME Livello III: Analisi funzionale del comportamento<\/li>\n        <\/ul>\n      <\/div>\n    <\/section>\n    <section class=\"u-clearfix u-section-8\" id=\"sec-79f4\">\n      <div class=\"u-clearfix u-sheet u-sheet-1\">\n        <h3 class=\"u-align-center u-text u-text-1\"> IO3: SESAME APP&nbsp;<\/h3>\n        <p class=\"u-align-center u-text u-text-2\">To know better the SESAME App, navigate through the prototypes made for each user's experience.<\/p>\n        <div class=\"u-expanded-width u-list u-list-1\">\n          <div class=\"u-repeater u-repeater-1\">\n            <div class=\"u-align-center u-container-align-center u-container-style u-list-item u-repeater-item\">\n              <div class=\"u-container-layout u-similar-container u-valign-top u-container-layout-1\">\n                <img decoding=\"async\" alt=\"\" class=\"u-hover-feature u-image u-image-contain u-image-default u-image-1\" data-image-width=\"512\" data-image-height=\"512\" src=\"http:\/\/sesameproject.eu\/wp-content\/uploads\/2022\/06\/teacher.png\" data-href=\"https:\/\/xd.adobe.com\/view\/755ba19b-a2f8-4416-9d30-fac2a4876485-2008\/?fullscreen&amp;hints=off\" data-target=\"_blank\">\n                <h3 class=\"u-align-center u-text u-text-default u-text-3\">Prototype<br>TEACHER\n                <\/h3>\n                <p class=\"u-align-center u-text u-text-4\">See the Teacher's experience with the SESAME App<\/p>\n              <\/div>\n            <\/div>\n            <div class=\"u-container-style u-list-item u-repeater-item\">\n              <div class=\"u-container-layout u-similar-container u-valign-top u-container-layout-2\">\n                <img decoding=\"async\" alt=\"\" class=\"u-hover-feature u-image u-image-default u-image-2\" data-image-width=\"512\" data-image-height=\"512\" src=\"http:\/\/sesameproject.eu\/wp-content\/uploads\/2022\/06\/graduated.png\" data-href=\"https:\/\/xd.adobe.com\/view\/d718e3f3-ec91-43f0-8eea-fbd87dbee1ff-824b\/?fullscreen&amp;hints=off\" data-target=\"_blank\">\n                <h3 class=\"u-align-center u-text u-text-default u-text-5\"> Prototype<br>STUDENT\n                <\/h3>\n                <p class=\"u-align-center u-text u-text-6\"> See the Student's experience with the SESAME App<\/p>\n              <\/div>\n            <\/div>\n            <div class=\"u-align-center u-container-align-center u-container-style u-list-item u-repeater-item\">\n              <div class=\"u-container-layout u-similar-container u-valign-top u-container-layout-3\">\n                <img decoding=\"async\" alt=\"\" class=\"u-hover-feature u-image u-image-contain u-image-default u-image-3\" data-image-width=\"512\" data-image-height=\"512\" src=\"http:\/\/sesameproject.eu\/wp-content\/uploads\/2022\/06\/parents.png\" data-href=\"https:\/\/xd.adobe.com\/view\/46d37880-ff34-4251-bbdf-90ce78aca2c1-1380\/?fullscreen&amp;hints=off\" data-target=\"_blank\">\n                <h3 class=\"u-align-center u-text u-text-default u-text-7\"> Prototype<br>PARENT\n                <\/h3>\n                <p class=\"u-align-center u-text u-text-8\"> See the Parent's experience with the SESAME App<\/p>\n              <\/div>\n            <\/div>\n          <\/div>\n        <\/div>\n        <div class=\"u-clearfix u-expanded-width u-layout-wrap u-layout-wrap-1\">\n          <div class=\"u-gutter-0 u-layout\">\n            <div class=\"u-layout-row\">\n              <div class=\"u-align-left u-container-align-left u-container-style u-layout-cell u-size-30 u-layout-cell-1\">\n                <div class=\"u-container-layout u-container-layout-4\">\n                  <img decoding=\"async\" class=\"u-align-center u-image u-image-default u-preserve-proportions u-image-4\" src=\"http:\/\/sesameproject.eu\/wp-content\/uploads\/2022\/06\/QRCODE_SESAME_GooglePlay.png\" alt=\"\" data-image-width=\"295\" data-image-height=\"295\" data-href=\"https:\/\/play.google.com\/store\/apps\/details?id=com.sesame.android.eticalgarve\" data-target=\"_blank\">\n                  <img decoding=\"async\" class=\"u-image u-image-default u-image-5\" src=\"http:\/\/sesameproject.eu\/wp-content\/uploads\/2022\/06\/google-play-badge-1.png\" alt=\"\" data-image-width=\"564\" data-image-height=\"168\">\n                <\/div>\n              <\/div>\n              <div class=\"u-container-style u-layout-cell u-size-30 u-layout-cell-2\">\n                <div class=\"u-container-layout u-valign-bottom-sm u-container-layout-5\">\n                  <img decoding=\"async\" class=\"u-image u-image-default u-preserve-proportions u-image-6\" src=\"http:\/\/sesameproject.eu\/wp-content\/uploads\/2022\/06\/QRCODE_SESAME_AppStore.png\" alt=\"\" data-image-width=\"295\" data-image-height=\"295\" data-href=\"https:\/\/apps.apple.com\/lb\/app\/sesame\/id1613913436\" data-target=\"_blank\">\n                  <img decoding=\"async\" class=\"u-align-center u-image u-image-default u-image-7\" src=\"http:\/\/sesameproject.eu\/wp-content\/uploads\/2022\/06\/Artboard16x.png\" alt=\"\" data-image-width=\"718\" data-image-height=\"240\">\n                <\/div>\n              <\/div>\n            <\/div>\n          <\/div>\n        <\/div>\n      <\/div>\n      \n      \n      \n    <\/section>\n    <section class=\"u-align-center u-clearfix u-container-align-center u-grey-5 u-section-9\" id=\"sec-98ff\">\n      <div class=\"u-clearfix u-sheet u-sheet-1\">\n        <h3 class=\"u-align-center u-text u-text-1\">Implement SESAME at your school!<\/h3>\n        <p class=\"u-align-center u-text u-text-2\">Leave us your message and we will contact you as soon as possible.<\/p>\n        <div class=\"u-social-icons u-spacing-10 u-social-icons-1\">\n          <a class=\"u-social-url\" title=\"Facebook\" target=\"_blank\" href=\"https:\/\/www.facebook.com\/sesameproject\">\n            <span class=\"u-icon u-social-facebook u-social-icon u-icon-1\"><svg class=\"u-svg-link\" preserveaspectratio=\"xMidYMin slice\" viewbox=\"0 0 112 112\" style=\"\"><use xlink:href=\"#svg-1be5\"><\/use><\/svg><svg class=\"u-svg-content\" viewbox=\"0 0 112 112\" x=\"0\" y=\"0\" id=\"svg-1be5\"><circle fill=\"currentColor\" cx=\"56.1\" cy=\"56.1\" r=\"55\"><\/circle><path fill=\"#FFFFFF\" d=\"M73.5,31.6h-9.1c-1.4,0-3.6,0.8-3.6,3.9v8.5h12.6L72,58.3H60.8v40.8H43.9V58.3h-8V43.9h8v-9.2c0-6.7,3.1-17,17-17h12.5v13.9H73.5z\"><\/path><\/svg><\/span>\n          <\/a>\n          <a class=\"u-social-url\" target=\"_blank\" data-type=\"Email\" title=\"Email\" href=\"mailto:sesame@uni-wuppertal.de?subject=Sesame Website Contact\">\n            <span class=\"u-icon u-social-email u-social-icon u-icon-2\"><svg class=\"u-svg-link\" preserveaspectratio=\"xMidYMin slice\" viewbox=\"0 0 112 112\" style=\"\"><use xlink:href=\"#svg-58e4\"><\/use><\/svg><svg class=\"u-svg-content\" viewbox=\"0 0 112 112\" x=\"0\" y=\"0\" id=\"svg-58e4\"><circle fill=\"currentColor\" cx=\"56.1\" cy=\"56.1\" r=\"55\"><\/circle><path id=\"path3864\" fill=\"#FFFFFF\" d=\"M27.2,28h57.6c4,0,7.2,3.2,7.2,7.2l0,0v42.7c0,3.9-3.2,7.2-7.2,7.2l0,0H27.2\tc-4,0-7.2-3.2-7.2-7.2V35.2C20,31.1,23.2,28,27.2,28 M56,52.9l28.8-17.8H27.2L56,52.9 M27.2,77.7h57.6V43.5L56,61.3L27.2,43.5V77.7z\t\"><\/path><\/svg><\/span>\n          <\/a>\n        <\/div>\n        <p class=\"u-align-center u-text u-text-palette-1-base u-text-3\"> sesame@uni-wuppertal.de<\/p>\n      <\/div>\n    <\/section>\n    <section class=\"u-clearfix u-grey-5 u-section-10\" id=\"carousel_6495\">\n      <div class=\"u-clearfix u-sheet u-sheet-1\">\n        <div class=\"u-clearfix u-expanded-width u-gutter-0 u-layout-wrap u-layout-wrap-1\">\n          <div class=\"u-layout\">\n            <div class=\"u-layout-row\">\n              <div class=\"u-align-center u-container-align-center u-container-style u-layout-cell u-left-cell u-similar-fill u-size-10 u-size-30-md u-layout-cell-1\">\n                <div class=\"u-container-layout u-valign-middle u-container-layout-1\">\n                  <img decoding=\"async\" class=\"u-image u-image-contain u-image-1\" src=\"http:\/\/sesameproject.eu\/wp-content\/uploads\/2020\/11\/uni_wuppertal_black.png\" data-image-width=\"300\" data-image-height=\"120\">\n                <\/div>\n              <\/div>\n              <div class=\"u-align-center u-container-align-center u-container-style u-layout-cell u-similar-fill u-size-10 u-size-30-md u-layout-cell-2\">\n                <div class=\"u-container-layout u-valign-middle u-container-layout-2\">\n                  <img decoding=\"async\" src=\"http:\/\/sesameproject.eu\/wp-content\/uploads\/2020\/11\/uni_wuppertal2_original.png\" alt=\"\" class=\"u-image u-image-contain u-image-default u-image-2\" data-image-width=\"300\" data-image-height=\"200\">\n                <\/div>\n              <\/div>\n              <div class=\"u-align-center u-container-align-center u-container-style u-layout-cell u-similar-fill u-size-10 u-size-30-md u-layout-cell-3\">\n                <div class=\"u-container-layout u-valign-middle u-container-layout-3\">\n                  <img decoding=\"async\" src=\"http:\/\/sesameproject.eu\/wp-content\/uploads\/2020\/11\/normandie_original.png\" alt=\"\" class=\"u-image u-image-contain u-image-default u-image-3\" data-image-width=\"300\" data-image-height=\"330\">\n                <\/div>\n              <\/div>\n              <div class=\"u-align-center u-container-align-center u-container-style u-layout-cell u-similar-fill u-size-10 u-size-30-md u-layout-cell-4\">\n                <div class=\"u-container-layout u-valign-middle u-container-layout-4\">\n                  <img decoding=\"async\" src=\"http:\/\/sesameproject.eu\/wp-content\/uploads\/2020\/11\/Horizontal-1.png\" alt=\"\" class=\"u-image u-image-contain u-image-default u-image-4\" data-image-width=\"267\" data-image-height=\"138\">\n                <\/div>\n              <\/div>\n              <div class=\"u-align-center u-container-align-center u-container-style u-layout-cell u-similar-fill u-size-10 u-size-30-md u-layout-cell-5\">\n                <div class=\"u-container-layout u-valign-middle u-container-layout-5\">\n                  <img decoding=\"async\" src=\"http:\/\/sesameproject.eu\/wp-content\/uploads\/2020\/11\/University_of_cologne_original.png\" alt=\"\" class=\"u-image u-image-contain u-image-default u-image-5\" data-image-width=\"300\" data-image-height=\"153\">\n                <\/div>\n              <\/div>\n              <div class=\"u-align-center u-container-align-center u-container-style u-layout-cell u-right-cell u-similar-fill u-size-10 u-size-30-md u-layout-cell-6\">\n                <div class=\"u-container-layout u-valign-middle u-container-layout-6\">\n                  <img decoding=\"async\" src=\"http:\/\/sesameproject.eu\/wp-content\/uploads\/2020\/11\/net_logo_original.png\" alt=\"\" class=\"u-image u-image-contain u-image-default u-image-6\" data-image-width=\"300\" data-image-height=\"116\">\n                <\/div>\n              <\/div>\n            <\/div>\n          <\/div>\n        <\/div>\n      <\/div>\n    <\/section>\n    <section class=\"u-align-center u-clearfix u-container-align-center u-grey-5 u-section-11\" id=\"carousel_6103\">\n      <div class=\"u-clearfix u-sheet u-sheet-1\">\n        <div class=\"u-clearfix u-expanded-width-lg u-expanded-width-md u-gutter-30 u-layout-wrap u-layout-wrap-1\">\n          <div class=\"u-gutter-0 u-layout\">\n            <div class=\"u-layout-row\">\n              <div class=\"u-align-center-sm u-align-center-xl u-align-center-xs u-align-right-lg u-align-right-md u-container-style u-layout-cell u-size-30 u-layout-cell-1\">\n                <div class=\"u-container-layout u-valign-middle-xl u-valign-top-lg u-valign-top-md u-valign-top-sm u-valign-top-xs u-container-layout-1\">\n                  <img decoding=\"async\" class=\"u-image u-image-contain u-image-1\" src=\"http:\/\/sesameproject.eu\/wp-content\/uploads\/2020\/11\/logo-erasmus-plus.png\" data-image-width=\"1758\" data-image-height=\"358\">\n                <\/div>\n              <\/div>\n              <div class=\"u-align-center-sm u-align-center-xl u-align-center-xs u-align-left-lg u-align-left-md u-container-style u-layout-cell u-size-30 u-layout-cell-2\">\n                <div class=\"u-container-layout u-valign-middle-xl u-valign-top-lg u-valign-top-md u-valign-top-sm u-valign-top-xs u-container-layout-2\">\n                  <img decoding=\"async\" src=\"http:\/\/sesameproject.eu\/wp-content\/uploads\/2020\/11\/erasmusdeclaimerlogo.png\" alt=\"\" class=\"u-image u-image-contain u-image-default u-image-2\" data-image-width=\"2922\" data-image-height=\"600\">\n                <\/div>\n              <\/div>\n            <\/div>\n          <\/div>\n        <\/div>\n      <\/div>\n    <\/section>\n    \n    \n    \n    \n  \n<\/div>","protected":false},"excerpt":{"rendered":"<p>Home Project Results Partners Activities Contacts PROJECT RESULTS SCROLL TO APP&nbsp;PROTOTYPE&nbsp; IO1: SESAME MODEL SESAME (Schoolwide Positive Behavior Support for Mental Health) is a three-tiered system of support designed to create a safe learning environment for the whole school, in order to prevent the development of internalizing psychosocial disorders in students. SESAME is characterized in [&hellip;]<\/p>\n","protected":false},"author":1,"featured_media":0,"parent":0,"menu_order":0,"comment_status":"closed","ping_status":"closed","template":"","meta":{"footnotes":""},"class_list":["post-215","page","type-page","status-publish","hentry"],"_links":{"self":[{"href":"http:\/\/sesameproject.eu\/it\/wp-json\/wp\/v2\/pages\/215","targetHints":{"allow":["GET"]}}],"collection":[{"href":"http:\/\/sesameproject.eu\/it\/wp-json\/wp\/v2\/pages"}],"about":[{"href":"http:\/\/sesameproject.eu\/it\/wp-json\/wp\/v2\/types\/page"}],"author":[{"embeddable":true,"href":"http:\/\/sesameproject.eu\/it\/wp-json\/wp\/v2\/users\/1"}],"replies":[{"embeddable":true,"href":"http:\/\/sesameproject.eu\/it\/wp-json\/wp\/v2\/comments?post=215"}],"version-history":[{"count":34,"href":"http:\/\/sesameproject.eu\/it\/wp-json\/wp\/v2\/pages\/215\/revisions"}],"predecessor-version":[{"id":1201,"href":"http:\/\/sesameproject.eu\/it\/wp-json\/wp\/v2\/pages\/215\/revisions\/1201"}],"wp:attachment":[{"href":"http:\/\/sesameproject.eu\/it\/wp-json\/wp\/v2\/media?parent=215"}],"curies":[{"name":"wp","href":"https:\/\/api.w.org\/{rel}","templated":true}]}}